{"id":8501,"date":"2023-07-06T18:08:42","date_gmt":"2023-07-06T21:08:42","guid":{"rendered":"https:\/\/icbjr.icb.usp.br\/?page_id=8501"},"modified":"2024-02-07T18:53:08","modified_gmt":"2024-02-07T21:53:08","slug":"case-de-sucesso-preservatech","status":"publish","type":"page","link":"https:\/\/icbjr.icb.usp.br\/es\/case-de-sucesso-preservatech\/","title":{"rendered":"(Portugu\u00eas) Case de Sucesso &#8211; Preservatech"},"content":{"rendered":"\t\t<div data-elementor-type=\"wp-page\" data-elementor-id=\"8501\" class=\"elementor elementor-8501\" data-elementor-post-type=\"page\">\n\t\t\t\t\t\t<section class=\"elementor-section elementor-top-section elementor-element elementor-element-c78056c elementor-section-boxed elementor-section-height-default elementor-section-height-default\" data-id=\"c78056c\" data-element_type=\"section\" data-settings=\"{&quot;background_background&quot;:&quot;classic&quot;}\">\n\t\t\t\t\t\t<div class=\"elementor-container elementor-column-gap-default\">\n\t\t\t\t\t<div class=\"elementor-column elementor-col-100 elementor-top-column elementor-element elementor-element-e8413d4\" data-id=\"e8413d4\" data-element_type=\"column\">\n\t\t\t<div class=\"elementor-widget-wrap elementor-element-populated\">\n\t\t\t\t\t\t<div class=\"elementor-element elementor-element-b7f4fb3 elementor-widget elementor-widget-spacer\" data-id=\"b7f4fb3\" data-element_type=\"widget\" data-widget_type=\"spacer.default\">\n\t\t\t\t<div class=\"elementor-widget-container\">\n\t\t\t\t\t<div class=\"elementor-spacer\">\n\t\t\t<div class=\"elementor-spacer-inner\"><\/div>\n\t\t<\/div>\n\t\t\t\t<\/div>\n\t\t\t\t<\/div>\n\t\t\t\t<div class=\"elementor-element elementor-element-324727e elementor-widget elementor-widget-spacer\" data-id=\"324727e\" data-element_type=\"widget\" data-widget_type=\"spacer.default\">\n\t\t\t\t<div class=\"elementor-widget-container\">\n\t\t\t\t\t<div class=\"elementor-spacer\">\n\t\t\t<div class=\"elementor-spacer-inner\"><\/div>\n\t\t<\/div>\n\t\t\t\t<\/div>\n\t\t\t\t<\/div>\n\t\t\t\t<div class=\"elementor-element elementor-element-6852126 elementor-widget elementor-widget-heading\" data-id=\"6852126\" data-element_type=\"widget\" data-widget_type=\"heading.default\">\n\t\t\t\t<div class=\"elementor-widget-container\">\n\t\t\t<h1 class=\"elementor-heading-title elementor-size-default\">PRESERVATECH<\/h1>\t\t<\/div>\n\t\t\t\t<\/div>\n\t\t\t\t<div class=\"elementor-element elementor-element-2a821de elementor-icon-list--layout-inline elementor-align-center elementor-list-item-link-full_width elementor-widget elementor-widget-icon-list\" data-id=\"2a821de\" data-element_type=\"widget\" data-widget_type=\"icon-list.default\">\n\t\t\t\t<div class=\"elementor-widget-container\">\n\t\t\t\t\t<ul class=\"elementor-icon-list-items elementor-inline-items\">\n\t\t\t\t\t\t\t<li class=\"elementor-icon-list-item elementor-inline-item\">\n\t\t\t\t\t\t\t\t\t\t\t<span class=\"elementor-icon-list-icon\">\n\t\t\t\t\t\t\t<i aria-hidden=\"true\" class=\"far fa-newspaper\"><\/i>\t\t\t\t\t\t<\/span>\n\t\t\t\t\t\t\t\t\t\t<span class=\"elementor-icon-list-text\">Consultoria Cient\u00edfica<\/span>\n\t\t\t\t\t\t\t\t\t<\/li>\n\t\t\t\t\t\t\t\t<li class=\"elementor-icon-list-item elementor-inline-item\">\n\t\t\t\t\t\t\t\t\t\t\t<span class=\"elementor-icon-list-icon\">\n\t\t\t\t\t\t\t<i aria-hidden=\"true\" class=\"far fa-calendar-alt\"><\/i>\t\t\t\t\t\t<\/span>\n\t\t\t\t\t\t\t\t\t\t<span class=\"elementor-icon-list-text\">2023<\/span>\n\t\t\t\t\t\t\t\t\t<\/li>\n\t\t\t\t\t\t<\/ul>\n\t\t\t\t<\/div>\n\t\t\t\t<\/div>\n\t\t\t\t<div class=\"elementor-element elementor-element-4172340 elementor-widget elementor-widget-spacer\" data-id=\"4172340\" data-element_type=\"widget\" data-widget_type=\"spacer.default\">\n\t\t\t\t<div class=\"elementor-widget-container\">\n\t\t\t\t\t<div class=\"elementor-spacer\">\n\t\t\t<div class=\"elementor-spacer-inner\"><\/div>\n\t\t<\/div>\n\t\t\t\t<\/div>\n\t\t\t\t<\/div>\n\t\t\t\t\t<\/div>\n\t\t<\/div>\n\t\t\t\t\t<\/div>\n\t\t<\/section>\n\t\t\t\t<section class=\"elementor-section elementor-top-section elementor-element elementor-element-86ef717 elementor-section-boxed elementor-section-height-default elementor-section-height-default\" data-id=\"86ef717\" data-element_type=\"section\">\n\t\t\t\t\t\t<div class=\"elementor-container elementor-column-gap-default\">\n\t\t\t\t\t<div class=\"elementor-column elementor-col-100 elementor-top-column elementor-element elementor-element-04e6b38\" data-id=\"04e6b38\" data-element_type=\"column\">\n\t\t\t<div class=\"elementor-widget-wrap elementor-element-populated\">\n\t\t\t\t\t\t<div class=\"elementor-element elementor-element-ab634e5 elementor-widget elementor-widget-spacer\" data-id=\"ab634e5\" data-element_type=\"widget\" data-widget_type=\"spacer.default\">\n\t\t\t\t<div class=\"elementor-widget-container\">\n\t\t\t\t\t<div class=\"elementor-spacer\">\n\t\t\t<div class=\"elementor-spacer-inner\"><\/div>\n\t\t<\/div>\n\t\t\t\t<\/div>\n\t\t\t\t<\/div>\n\t\t\t\t<section class=\"elementor-section elementor-inner-section elementor-element elementor-element-2ce16b2 elementor-section-boxed elementor-section-height-default elementor-section-height-default\" data-id=\"2ce16b2\" data-element_type=\"section\">\n\t\t\t\t\t\t<div class=\"elementor-container elementor-column-gap-default\">\n\t\t\t\t\t<div class=\"elementor-column elementor-col-33 elementor-inner-column elementor-element elementor-element-1e790af\" data-id=\"1e790af\" data-element_type=\"column\">\n\t\t\t<div class=\"elementor-widget-wrap\">\n\t\t\t\t\t\t\t<\/div>\n\t\t<\/div>\n\t\t\t\t<div class=\"elementor-column elementor-col-33 elementor-inner-column elementor-element elementor-element-19b1de5\" data-id=\"19b1de5\" data-element_type=\"column\">\n\t\t\t<div class=\"elementor-widget-wrap elementor-element-populated\">\n\t\t\t\t\t\t<div class=\"elementor-element elementor-element-fc325ac elementor-widget elementor-widget-image\" data-id=\"fc325ac\" data-element_type=\"widget\" data-widget_type=\"image.default\">\n\t\t\t\t<div class=\"elementor-widget-container\">\n\t\t\t\t\t\t\t\t\t\t\t\t\t<img fetchpriority=\"high\" decoding=\"async\" width=\"640\" height=\"188\" src=\"https:\/\/icbjr.icb.usp.br\/wp-content\/uploads\/sites\/623\/2024\/02\/Captura-de-tela-2024-02-07-175608.png\" class=\"attachment-large size-large wp-image-8847\" alt=\"\" srcset=\"https:\/\/icbjr.icb.usp.br\/wp-content\/uploads\/sites\/623\/2024\/02\/Captura-de-tela-2024-02-07-175608.png 796w, https:\/\/icbjr.icb.usp.br\/wp-content\/uploads\/sites\/623\/2024\/02\/Captura-de-tela-2024-02-07-175608-300x88.png 300w, https:\/\/icbjr.icb.usp.br\/wp-content\/uploads\/sites\/623\/2024\/02\/Captura-de-tela-2024-02-07-175608-768x226.png 768w, https:\/\/icbjr.icb.usp.br\/wp-content\/uploads\/sites\/623\/2024\/02\/Captura-de-tela-2024-02-07-175608-400x118.png 400w\" sizes=\"(max-width: 640px) 100vw, 640px\" \/>\t\t\t\t\t\t\t\t\t\t\t\t\t<\/div>\n\t\t\t\t<\/div>\n\t\t\t\t\t<\/div>\n\t\t<\/div>\n\t\t\t\t<div class=\"elementor-column elementor-col-33 elementor-inner-column elementor-element elementor-element-6fd3ed0\" data-id=\"6fd3ed0\" data-element_type=\"column\">\n\t\t\t<div class=\"elementor-widget-wrap\">\n\t\t\t\t\t\t\t<\/div>\n\t\t<\/div>\n\t\t\t\t\t<\/div>\n\t\t<\/section>\n\t\t\t\t<div class=\"elementor-element elementor-element-0796cdd elementor-widget elementor-widget-spacer\" data-id=\"0796cdd\" data-element_type=\"widget\" data-widget_type=\"spacer.default\">\n\t\t\t\t<div class=\"elementor-widget-container\">\n\t\t\t\t\t<div class=\"elementor-spacer\">\n\t\t\t<div class=\"elementor-spacer-inner\"><\/div>\n\t\t<\/div>\n\t\t\t\t<\/div>\n\t\t\t\t<\/div>\n\t\t\t\t<div class=\"elementor-element elementor-element-e54241d elementor-widget elementor-widget-heading\" data-id=\"e54241d\" data-element_type=\"widget\" data-widget_type=\"heading.default\">\n\t\t\t\t<div class=\"elementor-widget-container\">\n\t\t\t<h1 class=\"elementor-heading-title elementor-size-default\">Introdu\u00e7\u00e3o<\/h1>\t\t<\/div>\n\t\t\t\t<\/div>\n\t\t\t\t<div class=\"elementor-element elementor-element-816dd4c elementor-widget elementor-widget-text-editor\" data-id=\"816dd4c\" data-element_type=\"widget\" data-widget_type=\"text-editor.default\">\n\t\t\t\t<div class=\"elementor-widget-container\">\n\t\t\t\t\t\t\t<p>A Preservatech trouxe ao Brasil uma m\u00e1quina t\u00e9rmica com tecnologia at\u00f3xica e ecol\u00f3gica para desinfetar materiais hist\u00f3ricos, dentre eles livros, quadros, documentos e m\u00f3veis, contaminados por insetos, como brocas e cupins. Visando comprovar a efic\u00e1cia da m\u00e1quina para eliminar microrganismos, especificamente fungos, a Preservatech contratou a ICBjr para realizar um servi\u00e7o de Consultoria Cient\u00edfica.&nbsp;<\/p><div><br><\/div>\t\t\t\t\t\t<\/div>\n\t\t\t\t<\/div>\n\t\t\t\t<div class=\"elementor-element elementor-element-5e7c2a7 elementor-widget elementor-widget-spacer\" data-id=\"5e7c2a7\" data-element_type=\"widget\" data-widget_type=\"spacer.default\">\n\t\t\t\t<div class=\"elementor-widget-container\">\n\t\t\t\t\t<div class=\"elementor-spacer\">\n\t\t\t<div class=\"elementor-spacer-inner\"><\/div>\n\t\t<\/div>\n\t\t\t\t<\/div>\n\t\t\t\t<\/div>\n\t\t\t\t<div class=\"elementor-element elementor-element-1f873b8 elementor-widget elementor-widget-heading\" data-id=\"1f873b8\" data-element_type=\"widget\" data-widget_type=\"heading.default\">\n\t\t\t\t<div class=\"elementor-widget-container\">\n\t\t\t<h1 class=\"elementor-heading-title elementor-size-default\">Projeto<\/h1>\t\t<\/div>\n\t\t\t\t<\/div>\n\t\t\t\t<div class=\"elementor-element elementor-element-7be6727 elementor-widget elementor-widget-text-editor\" data-id=\"7be6727\" data-element_type=\"widget\" data-widget_type=\"text-editor.default\">\n\t\t\t\t<div class=\"elementor-widget-container\">\n\t\t\t\t\t\t\t<p>Inicialmente, a equipe da ICBjr realizou uma s\u00e9rie de reuni\u00f5es com o cliente para entender o funcionamento da m\u00e1quina t\u00e9rmica e o que ele desejava obter com o servi\u00e7o que foi contratado. Ap\u00f3s todos os alinhamentos iniciais, a ICBjr buscou materiais infectados por fungos para que a Preservatech pudesse testar a efic\u00e1cia de sua tecnologia contra esses organismos. Posteriormente, atrav\u00e9s de uma parceria com uma biblioteca da USP, a equipe retirou diversos livros contaminados e, seguindo todos os procedimentos corretos de manuseio desses documentos em laborat\u00f3rio, foram plaqueadas amostras retiradas dos livros. Depois de alguns dias, foi constatado o crescimento de diversos fungos nas placas, evidenciando a contamina\u00e7\u00e3o do material.<\/p><p>\u00a0<\/p><p>Assim, os livros foram levados \u00e0 sede da Preservatech, onde foram tratados com a m\u00e1quina t\u00e9rmica por eles desenvolvida. Depois desse tratamento, a ICBjr levou novamente os livros ao laborat\u00f3rio para plaquear novas amostras do material. Passados os dias necess\u00e1rios, observou-se que n\u00e3o cresceram fungos nas placas, indicando que a tecnologia da Preservatech \u00e9 eficaz na descontamina\u00e7\u00e3o de material infectado por microrganismos.\u00a0<\/p><div>\u00a0<\/div>\t\t\t\t\t\t<\/div>\n\t\t\t\t<\/div>\n\t\t\t\t<div class=\"elementor-element elementor-element-65c4527 elementor-widget elementor-widget-spacer\" data-id=\"65c4527\" data-element_type=\"widget\" data-widget_type=\"spacer.default\">\n\t\t\t\t<div class=\"elementor-widget-container\">\n\t\t\t\t\t<div class=\"elementor-spacer\">\n\t\t\t<div class=\"elementor-spacer-inner\"><\/div>\n\t\t<\/div>\n\t\t\t\t<\/div>\n\t\t\t\t<\/div>\n\t\t\t\t<div class=\"elementor-element elementor-element-90632e7 elementor-widget elementor-widget-heading\" data-id=\"90632e7\" data-element_type=\"widget\" data-widget_type=\"heading.default\">\n\t\t\t\t<div class=\"elementor-widget-container\">\n\t\t\t<h1 class=\"elementor-heading-title elementor-size-default\">Resultados<\/h1>\t\t<\/div>\n\t\t\t\t<\/div>\n\t\t\t\t<div class=\"elementor-element elementor-element-50dc117 elementor-widget elementor-widget-text-editor\" data-id=\"50dc117\" data-element_type=\"widget\" data-widget_type=\"text-editor.default\">\n\t\t\t\t<div class=\"elementor-widget-container\">\n\t\t\t\t\t\t\t<p>Ap\u00f3s a realiza\u00e7\u00e3o da parte pr\u00e1tica do projeto, a equipe da ICBjr montou um relat\u00f3rio, seguindo as normas ABNT e a escrita cient\u00edfica, com todas as constata\u00e7\u00f5es observadas ao longo do projeto. Esse relat\u00f3rio foi entregue ao cliente, que se mostrou extremamente satisfeito com o resultado final e com o trabalho da nossa equipe.\u00a0<\/p><div>\u00a0<\/div>\t\t\t\t\t\t<\/div>\n\t\t\t\t<\/div>\n\t\t\t\t<div class=\"elementor-element elementor-element-f48346d elementor-widget elementor-widget-spacer\" data-id=\"f48346d\" data-element_type=\"widget\" data-widget_type=\"spacer.default\">\n\t\t\t\t<div class=\"elementor-widget-container\">\n\t\t\t\t\t<div class=\"elementor-spacer\">\n\t\t\t<div class=\"elementor-spacer-inner\"><\/div>\n\t\t<\/div>\n\t\t\t\t<\/div>\n\t\t\t\t<\/div>\n\t\t\t\t\t<\/div>\n\t\t<\/div>\n\t\t\t\t\t<\/div>\n\t\t<\/section>\n\t\t\t\t<section class=\"elementor-section elementor-top-section elementor-element elementor-element-84831b9 elementor-section-boxed elementor-section-height-default elementor-section-height-default\" data-id=\"84831b9\" data-element_type=\"section\" data-settings=\"{&quot;background_background&quot;:&quot;classic&quot;,&quot;shape_divider_top&quot;:&quot;tilt&quot;}\">\n\t\t\t\t\t<div class=\"elementor-shape elementor-shape-top\" data-negative=\"false\">\n\t\t\t<svg xmlns=\"http:\/\/www.w3.org\/2000\/svg\" viewBox=\"0 0 1000 100\" preserveAspectRatio=\"none\">\n\t<path class=\"elementor-shape-fill\" d=\"M0,6V0h1000v100L0,6z\"\/>\n<\/svg>\t\t<\/div>\n\t\t\t\t\t<div class=\"elementor-container elementor-column-gap-default\">\n\t\t\t\t\t<div class=\"elementor-column elementor-col-33 elementor-top-column elementor-element elementor-element-677d4ed\" data-id=\"677d4ed\" data-element_type=\"column\">\n\t\t\t<div class=\"elementor-widget-wrap elementor-element-populated\">\n\t\t\t\t\t\t<div class=\"elementor-element elementor-element-2ad97d9 elementor-widget elementor-widget-spacer\" data-id=\"2ad97d9\" data-element_type=\"widget\" data-widget_type=\"spacer.default\">\n\t\t\t\t<div class=\"elementor-widget-container\">\n\t\t\t\t\t<div class=\"elementor-spacer\">\n\t\t\t<div class=\"elementor-spacer-inner\"><\/div>\n\t\t<\/div>\n\t\t\t\t<\/div>\n\t\t\t\t<\/div>\n\t\t\t\t<div class=\"elementor-element elementor-element-978cadb elementor-widget elementor-widget-heading\" data-id=\"978cadb\" data-element_type=\"widget\" data-widget_type=\"heading.default\">\n\t\t\t\t<div class=\"elementor-widget-container\">\n\t\t\t<h2 class=\"elementor-heading-title elementor-size-default\">Quer obter resultados como esse?<\/h2>\t\t<\/div>\n\t\t\t\t<\/div>\n\t\t\t\t<div class=\"elementor-element elementor-element-9d68504 elementor-widget elementor-widget-text-editor\" data-id=\"9d68504\" data-element_type=\"widget\" data-widget_type=\"text-editor.default\">\n\t\t\t\t<div class=\"elementor-widget-container\">\n\t\t\t\t\t\t\t<p>Basta preencher o formul\u00e1rio para agendar um diagn\u00f3stico<\/p>\t\t\t\t\t\t<\/div>\n\t\t\t\t<\/div>\n\t\t\t\t\t<\/div>\n\t\t<\/div>\n\t\t\t\t<div class=\"elementor-column elementor-col-33 elementor-top-column elementor-element elementor-element-197b3c2\" data-id=\"197b3c2\" data-element_type=\"column\">\n\t\t\t<div class=\"elementor-widget-wrap elementor-element-populated\">\n\t\t\t\t\t\t<div class=\"elementor-element elementor-element-542649a elementor-hidden-mobile elementor-widget elementor-widget-spacer\" data-id=\"542649a\" data-element_type=\"widget\" data-widget_type=\"spacer.default\">\n\t\t\t\t<div class=\"elementor-widget-container\">\n\t\t\t\t\t<div class=\"elementor-spacer\">\n\t\t\t<div class=\"elementor-spacer-inner\"><\/div>\n\t\t<\/div>\n\t\t\t\t<\/div>\n\t\t\t\t<\/div>\n\t\t\t\t\t<\/div>\n\t\t<\/div>\n\t\t\t\t<div class=\"elementor-column elementor-col-33 elementor-top-column elementor-element elementor-element-70e2367\" data-id=\"70e2367\" data-element_type=\"column\">\n\t\t\t<div class=\"elementor-widget-wrap elementor-element-populated\">\n\t\t\t\t\t\t<div class=\"elementor-element elementor-element-750380a elementor-hidden-mobile elementor-widget elementor-widget-spacer\" data-id=\"750380a\" data-element_type=\"widget\" data-widget_type=\"spacer.default\">\n\t\t\t\t<div class=\"elementor-widget-container\">\n\t\t\t\t\t<div class=\"elementor-spacer\">\n\t\t\t<div class=\"elementor-spacer-inner\"><\/div>\n\t\t<\/div>\n\t\t\t\t<\/div>\n\t\t\t\t<\/div>\n\t\t\t\t<div class=\"elementor-element elementor-element-989ec13 eael-wpforms-labels-yes eael-wpforms-form-button-custom elementor-widget elementor-widget-eael-wpforms\" data-id=\"989ec13\" data-element_type=\"widget\" data-widget_type=\"eael-wpforms.default\">\n\t\t\t\t<div class=\"elementor-widget-container\">\n\t\t\t            <div class=\"eael-contact-form eael-wpforms eael-wpforms-align-left\">\n                                <div class=\"wpforms-container wpforms-container-full\" id=\"wpforms-4119\"><form id=\"wpforms-form-4119\" class=\"wpforms-validate wpforms-form\" data-formid=\"4119\" method=\"post\" enctype=\"multipart\/form-data\" action=\"\/es\/wp-json\/wp\/v2\/pages\/8501\" data-token=\"dfd31ffc74afed843039c4ebba7ff68c\"><noscript class=\"wpforms-error-noscript\">Por favor, activa JavaScript en tu navegador para completar este formulario.<\/noscript><div class=\"wpforms-field-container\"><div id=\"wpforms-4119-field_1-container\" class=\"wpforms-field wpforms-field-text label-left\" data-field-id=\"1\"><label class=\"wpforms-field-label\" for=\"wpforms-4119-field_1\">Nome <span class=\"wpforms-required-label\">*<\/span><\/label><input type=\"text\" id=\"wpforms-4119-field_1\" class=\"wpforms-field-large wpforms-field-required\" name=\"wpforms[fields][1]\" placeholder=\"Nome e sobrenome\" required><\/div><div id=\"wpforms-4119-field_2-container\" class=\"wpforms-field wpforms-field-text label-left\" data-field-id=\"2\"><label class=\"wpforms-field-label\" for=\"wpforms-4119-field_2\">Email <span class=\"wpforms-required-label\">*<\/span><\/label><input type=\"text\" id=\"wpforms-4119-field_2\" class=\"wpforms-field-large wpforms-field-required\" name=\"wpforms[fields][2]\" required><\/div><div id=\"wpforms-4119-field_4-container\" class=\"wpforms-field wpforms-field-text label-left\" data-field-id=\"4\"><label class=\"wpforms-field-label\" for=\"wpforms-4119-field_4\">Mensagem <span class=\"wpforms-required-label\">*<\/span><\/label><input type=\"text\" id=\"wpforms-4119-field_4\" class=\"wpforms-field-large wpforms-field-required\" name=\"wpforms[fields][4]\" required><\/div><\/div><div class=\"wpforms-submit-container\" ><input type=\"hidden\" name=\"wpforms[id]\" value=\"4119\"><input type=\"hidden\" name=\"wpforms[author]\" value=\"1200\"><button type=\"submit\" name=\"wpforms[submit]\" class=\"wpforms-submit \" id=\"wpforms-submit-4119\" value=\"wpforms-submit\" aria-live=\"assertive\" data-alt-text=\"Enviando...\" data-submit-text=\"ENVIAR\">ENVIAR<\/button><\/div><\/form><\/div>  <!-- .wpforms-container -->            <\/div>\n\t\t<\/div>\n\t\t\t\t<\/div>\n\t\t\t\t<div class=\"elementor-element elementor-element-7bf32b2 elementor-widget elementor-widget-spacer\" data-id=\"7bf32b2\" data-element_type=\"widget\" data-widget_type=\"spacer.default\">\n\t\t\t\t<div class=\"elementor-widget-container\">\n\t\t\t\t\t<div class=\"elementor-spacer\">\n\t\t\t<div class=\"elementor-spacer-inner\"><\/div>\n\t\t<\/div>\n\t\t\t\t<\/div>\n\t\t\t\t<\/div>\n\t\t\t\t\t<\/div>\n\t\t<\/div>\n\t\t\t\t\t<\/div>\n\t\t<\/section>\n\t\t\t\t<\/div>\n\t\t","protected":false},"excerpt":{"rendered":"<p>PRESERVATECH Consultoria Cient\u00edfica 2023 Introdu\u00e7\u00e3o A Preservatech trouxe ao Brasil uma m\u00e1quina t\u00e9rmica com tecnologia at\u00f3xica e ecol\u00f3gica para desinfetar materiais hist\u00f3ricos, dentre eles livros, quadros, documentos e m\u00f3veis, contaminados por insetos, como brocas e cupins. Visando comprovar a efic\u00e1cia da m\u00e1quina para eliminar microrganismos, especificamente fungos, a Preservatech contratou a ICBjr para realizar um<a href=\"https:\/\/icbjr.icb.usp.br\/es\/case-de-sucesso-preservatech\/\">[&#8230;]<\/a><\/p>\n","protected":false},"author":1200,"featured_media":0,"parent":0,"menu_order":0,"comment_status":"closed","ping_status":"closed","template":"elementor_header_footer","meta":{"_monsterinsights_skip_tracking":false,"_monsterinsights_sitenote_active":false,"_monsterinsights_sitenote_note":"","_monsterinsights_sitenote_category":0,"footnotes":"","_links_to":"","_links_to_target":""},"class_list":["post-8501","page","type-page","status-publish","hentry"],"_links":{"self":[{"href":"https:\/\/icbjr.icb.usp.br\/es\/wp-json\/wp\/v2\/pages\/8501","targetHints":{"allow":["GET"]}}],"collection":[{"href":"https:\/\/icbjr.icb.usp.br\/es\/wp-json\/wp\/v2\/pages"}],"about":[{"href":"https:\/\/icbjr.icb.usp.br\/es\/wp-json\/wp\/v2\/types\/page"}],"author":[{"embeddable":true,"href":"https:\/\/icbjr.icb.usp.br\/es\/wp-json\/wp\/v2\/users\/1200"}],"replies":[{"embeddable":true,"href":"https:\/\/icbjr.icb.usp.br\/es\/wp-json\/wp\/v2\/comments?post=8501"}],"version-history":[{"count":4,"href":"https:\/\/icbjr.icb.usp.br\/es\/wp-json\/wp\/v2\/pages\/8501\/revisions"}],"predecessor-version":[{"id":8911,"href":"https:\/\/icbjr.icb.usp.br\/es\/wp-json\/wp\/v2\/pages\/8501\/revisions\/8911"}],"wp:attachment":[{"href":"https:\/\/icbjr.icb.usp.br\/es\/wp-json\/wp\/v2\/media?parent=8501"}],"curies":[{"name":"wp","href":"https:\/\/api.w.org\/{rel}","templated":true}]}}